{"id":320,"date":"2020-11-10T17:58:09","date_gmt":"2020-11-10T16:58:09","guid":{"rendered":"https:\/\/apiedinudiasd.it\/public\/?page_id=320"},"modified":"2020-12-20T18:46:38","modified_gmt":"2020-12-20T17:46:38","slug":"sfida-covid-19","status":"publish","type":"page","link":"https:\/\/apiedinudiasd.it\/public\/sfida-covid-19\/","title":{"rendered":"sfida COVID-19"},"content":{"rendered":"<p>[vc_row equal_height=&#8221;yes&#8221; el_class=&#8221;classicbluebox,topbox&#8221;][vc_column el_class=&#8221;bottomalign&#8221; width=&#8221;5\/12&#8243; offset=&#8221;vc_col-md-offset-1&#8243;][vc_wp_text]<\/p>\n<h1 class=\"h3h1\">sfida COVID-19<\/h1>\n<p>[\/vc_wp_text][\/vc_column][vc_column width=&#8221;5\/12&#8243;][vc_single_image image=&#8221;327&#8243; img_size=&#8221;full&#8221;][\/vc_column][\/vc_row][vc_row content_width=&#8221;full-desktop&#8221; el_class=&#8221;classicbluebox&#8221;][vc_column width=&#8221;1\/2&#8243; offset=&#8221;vc_col-md-offset-3&#8243;][vc_wp_text]<\/p>\n<p>Sin dall&#8217;inizio, come Ass.ne sportivo dilettantistica con A PIEDI NUDI\u00a0 abbiamo rispettato le regole del Governo e delle Regioni, sospendendo le attivit\u00e0 quando richiesto e adottando\u00a0misure sanitarie pi\u00f9 stringenti di quelle richieste alla riapertura: sanificazioni periodiche, controllo\u00a0delle modalit\u00e0 di accesso, del numero e del distanziamento dei presenti, utilizzo di mascherine, calzari, tappetini antibatterici, termoscanner, saturimetro, gel disinfettante, disinfezione degli arredi maggiormente esposti ad ogni utilizzo. Inoltre abbiamo applicato a tutti i corsi -con ottimi risultati- alcune strategie prima utilizzate solo con gli atleti come gli <b>allenamenti open air <\/b>o solo con i manager in viaggio per lunghi periodi come il <b>servizio online<\/b>.<\/p>\n<p>Le dimensioni degli spazi ed il loro ricambio d\u2019aria, la collaborazione con AICS ed altre Associazioni per l&#8217;utilizzo di spazi pi\u00f9 ampi e le procedure di sicurezza sopra citate,\u00a0ci permettono di\u00a0rispettare\u00a0il distanziamento, le norme di igiene e sicurezza per tutte le attivit\u00e0 in presenza, tuttavia <b>siamo gi\u00e0 attivi online per la differita di tutte le attivit\u00e0<\/b>.<\/p>\n<p>Continuate a seguirci sul nostro sito e sulla\u00a0<a href=\"https:\/\/www.facebook.com\/sowenmilano\/\" target=\"_blank\" rel=\"nofollow noopener noreferrer\">nostra pagina Facebook<\/a>\u00a0per aggiornamenti sui corsi, sui calendari e sulle nuove iniziative che via via andranno ad aggiungersi.<\/p>\n<p>Siamo pronti!<\/p>\n<p>[\/vc_wp_text][\/vc_column][\/vc_row]<\/p>\n","protected":false},"excerpt":{"rendered":"<p>[vc_row equal_height=&#8221;yes&#8221; el_class=&#8221;classicbluebox,topbox&#8221;][vc_column el_class=&#8221;bottomalign&#8221; width=&#8221;5\/12&#8243; offset=&#8221;vc_col-md-offset-1&#8243;][vc_wp_text] sfida COVID-19 [\/vc_wp_text][\/vc_column][vc_column width=&#8221;5\/12&#8243;][vc_single_image image=&#8221;327&#8243; img_size=&#8221;full&#8221;][\/vc_column][\/vc_row][vc_row content_width=&#8221;full-desktop&#8221; el_class=&#8221;classicbluebox&#8221;][vc_column width=&#8221;1\/2&#8243; offset=&#8221;vc_col-md-offset-3&#8243;][vc_wp_text] Sin dall&#8217;inizio, come Ass.ne sportivo dilettantistica con A PIEDI NUDI\u00a0 abbiamo rispettato le regole del Governo e delle Regioni, sospendendo le attivit\u00e0 quando richiesto e adottando\u00a0misure sanitarie pi\u00f9 stringenti di quelle richieste alla riapertura: sanificazioni periodiche, controllo\u00a0delle modalit\u00e0 di [&hellip;]<\/p>\n","protected":false},"author":1,"featured_media":0,"parent":0,"menu_order":0,"comment_status":"closed","ping_status":"closed","template":"","meta":{"_FSMCFIC_featured_image_caption":"","_FSMCFIC_featured_image_nocaption":"","_FSMCFIC_featured_image_hide":""},"yoast_head":"<!-- This site is optimized with the Yoast SEO plugin v15.5 - https:\/\/yoast.com\/wordpress\/plugins\/seo\/ -->\n<title>sfida COVID-19 - A Piedi Nudi<\/title>\n<meta name=\"robots\" content=\"index, follow, max-snippet:-1, max-image-preview:large, max-video-preview:-1\" \/>\n<link rel=\"canonical\" href=\"https:\/\/apiedinudiasd.it\/public\/sfida-covid-19\/\" \/>\n<meta property=\"og:locale\" content=\"it_IT\" \/>\n<meta property=\"og:type\" content=\"article\" \/>\n<meta property=\"og:title\" content=\"sfida COVID-19 - A Piedi Nudi\" \/>\n<meta property=\"og:description\" content=\"[vc_row equal_height=&#8221;yes&#8221; el_class=&#8221;classicbluebox,topbox&#8221;][vc_column el_class=&#8221;bottomalign&#8221; width=&#8221;5\/12&#8243; offset=&#8221;vc_col-md-offset-1&#8243;][vc_wp_text] sfida COVID-19 [\/vc_wp_text][\/vc_column][vc_column width=&#8221;5\/12&#8243;][vc_single_image image=&#8221;327&#8243; img_size=&#8221;full&#8221;][\/vc_column][\/vc_row][vc_row content_width=&#8221;full-desktop&#8221; el_class=&#8221;classicbluebox&#8221;][vc_column width=&#8221;1\/2&#8243; offset=&#8221;vc_col-md-offset-3&#8243;][vc_wp_text] Sin dall&#8217;inizio, come Ass.ne sportivo dilettantistica con A PIEDI NUDI\u00a0 abbiamo rispettato le regole del Governo e delle Regioni, sospendendo le attivit\u00e0 quando richiesto e adottando\u00a0misure sanitarie pi\u00f9 stringenti di quelle richieste alla riapertura: sanificazioni periodiche, controllo\u00a0delle modalit\u00e0 di [&hellip;]\" \/>\n<meta property=\"og:url\" content=\"https:\/\/apiedinudiasd.it\/public\/sfida-covid-19\/\" \/>\n<meta property=\"og:site_name\" content=\"A Piedi Nudi\" \/>\n<meta property=\"article:publisher\" content=\"https:\/\/www.facebook.com\/asdapiedinudi\/\" \/>\n<meta property=\"article:modified_time\" content=\"2020-12-20T17:46:38+00:00\" \/>\n<meta name=\"twitter:card\" content=\"summary_large_image\" \/>\n<meta name=\"twitter:label1\" content=\"Tempo di lettura stimato\">\n\t<meta name=\"twitter:data1\" content=\"1 minuto\">\n<script type=\"application\/ld+json\" class=\"yoast-schema-graph\">{\"@context\":\"https:\/\/schema.org\",\"@graph\":[{\"@type\":\"Organization\",\"@id\":\"https:\/\/apiedinudiasd.it\/public\/#organization\",\"name\":\"A Piedi Nudi \\u2013 Associazione Sportiva Dilettantistica e Culturale\",\"url\":\"https:\/\/apiedinudiasd.it\/public\/\",\"sameAs\":[\"https:\/\/www.facebook.com\/asdapiedinudi\/\"],\"logo\":{\"@type\":\"ImageObject\",\"@id\":\"https:\/\/apiedinudiasd.it\/public\/#logo\",\"inLanguage\":\"it-IT\",\"url\":\"https:\/\/apiedinudiasd.it\/public\/wp-content\/uploads\/2019\/10\/apn2.png\",\"width\":453,\"height\":514,\"caption\":\"A Piedi Nudi \\u2013 Associazione Sportiva Dilettantistica e Culturale\"},\"image\":{\"@id\":\"https:\/\/apiedinudiasd.it\/public\/#logo\"}},{\"@type\":\"WebSite\",\"@id\":\"https:\/\/apiedinudiasd.it\/public\/#website\",\"url\":\"https:\/\/apiedinudiasd.it\/public\/\",\"name\":\"A Piedi Nudi - Associazione Sportiva Dilettantistica e Culturale\",\"description\":\"Associazione Sportiva Dilettantistica e Culturale\",\"publisher\":{\"@id\":\"https:\/\/apiedinudiasd.it\/public\/#organization\"},\"potentialAction\":[{\"@type\":\"SearchAction\",\"target\":\"https:\/\/apiedinudiasd.it\/public\/?s={search_term_string}\",\"query-input\":\"required name=search_term_string\"}],\"inLanguage\":\"it-IT\"},{\"@type\":\"WebPage\",\"@id\":\"https:\/\/apiedinudiasd.it\/public\/sfida-covid-19\/#webpage\",\"url\":\"https:\/\/apiedinudiasd.it\/public\/sfida-covid-19\/\",\"name\":\"sfida COVID-19 - A Piedi Nudi\",\"isPartOf\":{\"@id\":\"https:\/\/apiedinudiasd.it\/public\/#website\"},\"datePublished\":\"2020-11-10T16:58:09+00:00\",\"dateModified\":\"2020-12-20T17:46:38+00:00\",\"inLanguage\":\"it-IT\",\"potentialAction\":[{\"@type\":\"ReadAction\",\"target\":[\"https:\/\/apiedinudiasd.it\/public\/sfida-covid-19\/\"]}]}]}<\/script>\n<!-- \/ Yoast SEO plugin. -->","_links":{"self":[{"href":"https:\/\/apiedinudiasd.it\/public\/wp-json\/wp\/v2\/pages\/320"}],"collection":[{"href":"https:\/\/apiedinudiasd.it\/public\/wp-json\/wp\/v2\/pages"}],"about":[{"href":"https:\/\/apiedinudiasd.it\/public\/wp-json\/wp\/v2\/types\/page"}],"author":[{"embeddable":true,"href":"https:\/\/apiedinudiasd.it\/public\/wp-json\/wp\/v2\/users\/1"}],"replies":[{"embeddable":true,"href":"https:\/\/apiedinudiasd.it\/public\/wp-json\/wp\/v2\/comments?post=320"}],"version-history":[{"count":8,"href":"https:\/\/apiedinudiasd.it\/public\/wp-json\/wp\/v2\/pages\/320\/revisions"}],"predecessor-version":[{"id":567,"href":"https:\/\/apiedinudiasd.it\/public\/wp-json\/wp\/v2\/pages\/320\/revisions\/567"}],"wp:attachment":[{"href":"https:\/\/apiedinudiasd.it\/public\/wp-json\/wp\/v2\/media?parent=320"}],"curies":[{"name":"wp","href":"https:\/\/api.w.org\/{rel}","templated":true}]}}