{"id":689,"date":"2021-05-27T22:02:38","date_gmt":"2021-05-27T20:02:38","guid":{"rendered":"https:\/\/apiedinudiasd.it\/public\/?page_id=689"},"modified":"2021-05-27T22:05:01","modified_gmt":"2021-05-27T20:05:01","slug":"tana-libera-tutti","status":"publish","type":"page","link":"https:\/\/apiedinudiasd.it\/public\/progetti\/tana-libera-tutti\/","title":{"rendered":"Tana Libera Tutti!"},"content":{"rendered":"<p>[vc_row equal_height=&#8221;yes&#8221; el_class=&#8221;topbox,mentabox&#8221;][vc_column el_class=&#8221;bottomalign&#8221; width=&#8221;5\/12&#8243; offset=&#8221;vc_col-md-offset-1&#8243;][vc_wp_text]<\/p>\n<h1 class=\"h3h1\">Tana Libera Tutti!<\/h1>\n<p>[\/vc_wp_text][\/vc_column][vc_column width=&#8221;5\/12&#8243;][vc_single_image image=&#8221;691&#8243; img_size=&#8221;full&#8221;][\/vc_column][\/vc_row][vc_row content_width=&#8221;full-desktop&#8221; el_class=&#8221;mentabox&#8221;][vc_column width=&#8221;1\/2&#8243; offset=&#8221;vc_col-md-offset-3&#8243;][vc_wp_text]<b>Il multiesperienziale di Via Castiglione &#8211; 360\u00b0 Slow Experience.<br \/>\n<\/b><b>Esperienze tra natura e citt\u00e0 per esploratori, artisti e funamboli.<\/b><\/p>\n<p>A grande richiesta \u201cA Piedi Nudi\u201d apre due mesi di esplorazioni ed esperienze con educatori specialisti nel rispetto della \u201cslow experience\u201d e della natura.<\/p>\n<p>Se il\/la tu* bambin* ha tra i 3 e i 6 anni e desideri fargli vivere un\u2019esperienza che lo metta in contatto con natura, spazi urbani, ma anche stimolare la sua curiosit\u00e0 nei confronti delle scienze e dell\u2019arte, facendo sport in modo sano e creando in lui il senso della competizione positiva&#8230;chiamaci!<\/p>\n<p>Abbiamo creato due mesi di esperienze rispettose dei giusti tempi de* bimb* per riportali a trovare serenit\u00e0 e gioco senza l\u2019iperattivit\u00e0 che contraddistingue la nostra societ\u00e0.<\/p>\n<p><b>Perch\u00e9 scegliere Tana Libera Tutti:<\/b><\/p>\n<p>&#8211; \u00e8 una tana sicura, dove norme igieniche e sanitarie sono osservate scrupolosamente.<br \/>\n&#8211; \u00e8 un volo che libera la fantasia e promuove la creativit\u00e0 de* bambin*<br \/>\n&#8211; \u00e8 una casa dove l\u2019alta qualit\u00e0 delle attivit\u00e0 \u00e8 garantita dalla presenza di esperti preparati e selezionati, dalla presenza di due piccoli gruppi di bambin*<br \/>\n&#8211; \u00e8 uno spazio dove i diversi laboratori incoraggiano la collaborazione e la competizione costruttiva e premiante<br \/>\n&#8211; \u00e8 un\u2019esperienza che permette a ciascuno di trovare la propria dimensione ed esprimersi con i propri tempi e linguaggi<br \/>\n&#8211; \u00e8 una palestra dove si allena la curiosit\u00e0, si scoprono nuovi mondi e si costruiscono strumenti per il futuro<br \/>\n&#8211; \u00e8 un luogo dove regna il rispetto per l\u2019alternanza tra momenti di attivit\u00e0 e di riposo e la giornata \u00e8 scandita da fasi di realizzazione, confronto e rielaborazione<br \/>\n&#8211; \u00e8\u00a0 un percorso che permette di abbracciare in modo consapevole la nostra citt\u00e0 e in modo sostenibile i suoi giardini<br \/>\n&#8211; \u00e8 un contenitore accogliente di esplorazioni alternative e outdoor education<br \/>\n&#8211; \u00e8 il buongiorno in un\u2019altra lingua e il diario di bordo di un viaggio avventuroso<\/p>\n<p>\u00c8 una pennellata, una patata stampata, le mani in pasta, una proiezione, un documentario, un suono, la nota di uno strumento, una capriola, un frisbee che vola, un gioco dimenticato, una luce, una lente, una pietra preziosa, una fiaba, una magia, un desiderio, un seme che germoglia, l\u2019odore dell\u2019erba, un\u2019impronta, un pisolino, una risata, una pernacchia, una merenda, il racconto di un percorso, un nuovo amico\u2026<br \/>\nun ci vediamo domani!<\/p>\n<p><b>Orari, servizi e costi:<\/b><\/p>\n<p>La giornata \u00e8 organizzata secondo i ritmi del bambino e suddivisa in momenti di accoglienza, attivit\u00e0 motoria, pranzo al sacco, riposo, risveglio, laboratori di arte, scienza e musica, riflessione e rielaborazione delle esperienze e congedo.<br \/>\nSono inoltre previsti laboratori a sorpresa, giornate a tema e due settimane full immersion di tedesco nel mese di agosto.<\/p>\n<p>Per favorire i diversi bisogni dei bambini l\u2019accoglienza sar\u00e0 graduale e potr\u00e0 prevedere un inserimento morbido. Per agevolare le diverse esigenze delle famiglie,\u00a0 sono previsti comodi orari di accoglienza e congedo.<\/p>\n<p><b>Vuoi sapere come sar\u00e0 la nostra giornata tipo??<\/b><\/p>\n<p><b>8.00-9.00 Welcome e accoglienza bilingue<br \/>\n<\/b><b>9.00-12.00 attivit\u00e0 motoria con pausa merenda al sacco<br \/>\n<\/b><b>12.00-13.00 pranzo al sacco<br \/>\n<\/b><b>13.00-14.00<\/b> pisolino<br \/>\n<b>14.00-15.00 <\/b>risveglio lento (fiaba, yoga-gioco, musica rilassante, proiezioni, respirazione, ecc..)<br \/>\n<b>15.00-17.00<\/b> laboratorio arte\/ scienza<br \/>\n<b>17.00-18.00<\/b> racconto della giornata con diario di bordo e congedo<\/p>\n<p>Per info e costi scrivere a <b>apiedinudi.ass@gmail.com<br \/>\n<\/b>Oppure telefonare allo<b> 3518003232<br \/>\n<\/b>servizio dedicato dal luned\u00ec al venerd\u00ec dalle <b>11.30 alle 13.30<\/b> e dalle <b>17.00 alle 19.00<\/b><\/p>\n<p>Inoltre ci trovate anche su <a href=\"https:\/\/www.instagram.com\/apiedinudi.asd\/\">Instagram<\/a> e<a href=\"https:\/\/www.facebook.com\/asdapiedinudi\"> Facebook<\/a><\/p>\n<p><b>Se ancora non ti basta e vuoi dare una \u201csbirciata\u201d ad alcuni dei nostri educatori puoi divertirti a conoscerli e a riconoscerli qui sotto.<\/b><\/p>\n<p>&nbsp;<\/p>\n<p><b>Carlotta Viti<\/b><\/p>\n<p><b><img loading=\"lazy\" class=\"alignnone size-full wp-image-702\" src=\"https:\/\/apiedinudiasd.it\/public\/wp-content\/uploads\/2021\/05\/carlotta.png\" alt=\"Carlotta Viti\" width=\"300\" height=\"300\" srcset=\"https:\/\/apiedinudiasd.it\/public\/wp-content\/uploads\/2021\/05\/carlotta.png 300w, https:\/\/apiedinudiasd.it\/public\/wp-content\/uploads\/2021\/05\/carlotta-150x150.png 150w\" sizes=\"(max-width: 300px) 100vw, 300px\" \/><\/b><\/p>\n<p>Ho cominciato presto a esplorare, parlare e fare domande&#8230; dicono che tra le prime parole pronunciate ci fosse gi\u00e0 &#8220;perch\u00e9?&#8221; e tra le prime frasi ci fosse &#8220;c&#8217;\u00e8 stato un pli co qu\u00f2&#8221; per indicare un quiproquo, ovvero l&#8217;incongruenza osservata tra l&#8217;atteso e l&#8217;accaduto.<br \/>\nIl mio gioco preferito da bambina durante i lunghi viaggi era quello del &#8220;se fosse&#8221;, ma appena scesa dall&#8217;auto mi contraddistinguevano la corsa nella natura, il dinamismo e la curiosit\u00e0.<br \/>\nSono sempre stata attiva, socievole e con una discreta fantasia, grazie alla quale inventavo giochi nuovi e proponevo varianti di quelli esistenti per sperimentare e osservare cosa accadeva. Da sempre attratta dallo sconosciuto e dal &#8220;diverso&#8221;, ho cominciato presto a pormi quesiti e non ho ancora smesso di farlo e di stupirmi!<br \/>\nMi piace scoprire cose nuove viaggiando, leggendo, studiando ma anche semplicemente parlando con le persone&#8230; Queste caratteristiche mi hanno portata a crescere in citt\u00e0, camminare in natura, navigare in acque differenti e vivere in posti vari dove ho apprezzato sapori, suoni e colori di culture altre.<br \/>\nHo studiato lingue, ho fatto percorsi di antropologia, mediazione e integrazione culturale, educazione attiva e pedagogia del gioco, progettazione di cooperazione internazionale e comunicazione maieutica. Lo sport \u00e8 sempre stato presente: nuoto, pallavolo, atletica, vela, sub, arrampicata, kayak ma la mia vera passione \u00e8 nata nei primi anni &#8217;90 con l&#8217;Ultimate Frisbee. Ero agile, veloce, con una buona visione di gioco ed un discreto carisma.\u00a0 Nel 1993 ho partecipato alla fondazione della squadra femminile di Ultimate Frisbee bolognese, dove sono cresciuta come atleta sino a capitanare la Nazionale Italiana agli Europei ed ai mondiali. Ho giocato ad alto livello per diverse squadre fino al 2015. Da allora il disco \u00e8 stato sempre un compagno presente: per riempire i tempi morti, per socializzare, coinvolgere, comunicare, conoscere e trasmettere. Ho visto nel frisbee l&#8217;espressione di un gesto tecnico e atletico per cui ero sicuramente portata ma anche una opportunit\u00e0 di contatto con il resto della comunit\u00e0 frisbistica nel resto del mondo, nonch\u00e9 una proposta pedagogica e andragogica che ho portato in diversi progetti: a Bologna ho dato inizio a quello che oggi \u00e8 il progetto Ultimate nelle scuole, nelle diverse realt\u00e0 che ho vissuto \u00e8 stato uno strumento per dialogare con i bambini Africa, per conquistare la fiducia di quelli nei campi Rom, per strappare un sorriso nelle carceri, per promuovere il movimento alle persone con dipendenze, per stimolare un nuovo contatto col proprio corpo femminile violato.<br \/>\nDal &#8217;99 sono fisioterapista e come tale mi occupo di riabilitazione ma anche di educazione e prevenzione attraverso progetti di divulgazione degli stili di vita e percorsi esperienziali di corporeit\u00e0, movimento consapevole e recupero del contatto con la natura. Dopo diversi Master altamente specialistici mi sono aperta alla PsicoNeuroEndocrinoImmunologia e alle Neuroscienze su cui al momento sto seguendo un Master di II livello che mi sta portando ad approfondire i concetti di interocezione, potenziamento cognitivo e motorio. Amo gli animali tanto da avere approfondito il loro contributo nella pet therapy e nella ippoterapia e da avere intrapreso diversi percorsi di studio come fisioterapista animale, in particolare di cani e cavalli.<br \/>\nIl mio tempo lavorativo \u00e8 diviso tra clinica, studio e ricerca, quello libero \u00e8 dedicato alla cura della mia famiglia, delle relazioni, degli hobbies tra cui prevalgono la creta, la vela e\u00a0 il movimento in natura con Lana, la mia amica cane.<br \/>\nCredo che il contributo di ciascuno di noi possa forgiare la cultura locale del presente e del futuro prossimo.<\/p>\n<p><strong>Parole chiave:<\/strong><\/p>\n<p><i>idea-li<br \/>\n<\/i><i>energia<br \/>\n<\/i><i>curiosit\u00e0<\/i><\/p>\n<p>&nbsp;<\/p>\n<p><b>Gianpaolo Lucato<\/b><\/p>\n<p><img loading=\"lazy\" class=\"alignnone size-full wp-image-699\" src=\"https:\/\/apiedinudiasd.it\/public\/wp-content\/uploads\/2021\/05\/gianpaolo_lucato.png\" alt=\"Gianpaolo Lucato\" width=\"300\" height=\"300\" srcset=\"https:\/\/apiedinudiasd.it\/public\/wp-content\/uploads\/2021\/05\/gianpaolo_lucato.png 300w, https:\/\/apiedinudiasd.it\/public\/wp-content\/uploads\/2021\/05\/gianpaolo_lucato-150x150.png 150w\" sizes=\"(max-width: 300px) 100vw, 300px\" \/><\/p>\n<p>Sono <b>Gianpaolo<\/b>, <b>fisioterapista<\/b> e appassionato di <b>corsa<\/b>, praticata da prima come atleta agonista, poi come allenatore e oggi, grazie a <i>\u201cRunning Project\u201d<\/i>, in veste di supporto tecnico e sanitario per chi corre, come me, per passione, per sentirsi bene e restare in salute.<\/p>\n<p>Sono <b>curioso e dinamico<\/b>, alla continua ricerca di stimoli provenienti dai diversi campi del sapere, che possano contaminare e arricchire il mio modo di vedere e vivere il mondo.<br \/>\nAmo andare in <b>montagna, leggere e viaggiare<\/b>, tutti modi che mi permettono di non stare fermo, con la mente o con il corpo.<\/p>\n<p>Credo che imparare a <b>prendersi cura <\/b>di s\u00e9 sin da piccoli, sia fondamentale per crescere bene e in equilibrio con se stessi, gli altri e l\u2019ambiente. Per questo in ambito educativo, ma non solo, cerco di spingere i\/le bambin* ad adottare uno <b>stile di vita sano<\/b> e attivo in modo consapevole, facendo capire loro quanto meglio si sta in un corpo che sa e pu\u00f2 muoversi bene.<\/p>\n<p><b>Parole chiave:\u00a0<\/b><\/p>\n<p><i>gioco di squadra<br \/>\n<\/i><i>amore per la natura<br \/>\n<\/i><i>rispetto reciproco<\/i><\/p>\n<p>&nbsp;<\/p>\n<p><b>Beatrice Uguagliati<\/b><\/p>\n<p><img loading=\"lazy\" class=\"alignnone size-full wp-image-701\" src=\"https:\/\/apiedinudiasd.it\/public\/wp-content\/uploads\/2021\/05\/beatrice_uguagliati.png\" alt=\"Beatrice Uguagliati\" width=\"300\" height=\"300\" srcset=\"https:\/\/apiedinudiasd.it\/public\/wp-content\/uploads\/2021\/05\/beatrice_uguagliati.png 300w, https:\/\/apiedinudiasd.it\/public\/wp-content\/uploads\/2021\/05\/beatrice_uguagliati-150x150.png 150w\" sizes=\"(max-width: 300px) 100vw, 300px\" \/><\/p>\n<p>Sono <b>Beatrice<\/b>, <b>ricercatrice<\/b> e appassionata di <b>divulgazione scientifica<\/b>.<\/p>\n<p>Durante gli anni in laboratorio mi sono accorta che \u00e8 possibile avvicinare e appassionare alla scienza, raccontando in modo semplice e chiaro quello che succede all\u2019interno dei centri di ricerca. Ho iniziato a creare dei laboratori dedicati a piccoli scienziati in erba, per avvicinare i\/le bambin* a questo incredibile mondo.<\/p>\n<p>Credo che rendere accessibili le conoscenze scientifiche attraverso linguaggi nuovi e accattivanti, coinvolgendo anche i pi\u00f9 giovani, possa contribuire ad aumentare il benessere della nostra societ\u00e0 rendendoci persone pi\u00f9 consapevoli.<\/p>\n<p>Ho un debole per la bellezza che si nasconde ai nostri occhi e si svela solamente sotto alla lente di un microscopio, affacciarsi a questo micromondo \u00e8 un po\u2019 come entrare in una galleria d\u2019arte.<\/p>\n<p>Amo scrivere, leggere e meravigliarmi, e cerco di contagiare tutti con la mia passione!<\/p>\n<p><b>Parole chiave:\u00a0<\/b><\/p>\n<p><i>scienza<br \/>\n<\/i><i>bellezza<br \/>\n<\/i><i>scoperta<\/i><\/p>\n<p>&nbsp;<\/p>\n<p><b>Momme Butensch\u00f6n<\/b><\/p>\n<p><img loading=\"lazy\" class=\"alignnone size-full wp-image-700\" src=\"https:\/\/apiedinudiasd.it\/public\/wp-content\/uploads\/2021\/05\/momme_butenschoen.png\" alt=\"Momme Butensch\u00f6n\" width=\"300\" height=\"300\" srcset=\"https:\/\/apiedinudiasd.it\/public\/wp-content\/uploads\/2021\/05\/momme_butenschoen.png 300w, https:\/\/apiedinudiasd.it\/public\/wp-content\/uploads\/2021\/05\/momme_butenschoen-150x150.png 150w\" sizes=\"(max-width: 300px) 100vw, 300px\" \/><\/p>\n<p>La curiosit\u00e0, la capacit\u00e0 di osservare, ascoltare e \u201cassaggiare\u201d quello che ci circonda sono ingredienti fondamentali per comprendere ed entrare in simbiosi con il nostro mondo, come individuo, come societ\u00e0 e come specie.<\/p>\n<p>Mi chiamo <strong>Momme<\/strong> e sono un ricercatore di cambiamenti climatici. Sin da Piccolo ho sentito il bisogno di non limitarmi\u00a0 in nessuna esperienza e conoscenza, cos\u00ec mi sono avventurato in nuovi ambienti, viaggi, citt\u00e0 e dimensioni di ricerca. I miei ricordi d\u2019infanzia girano attorno ad un pianoforte, palline da tennis e da pallacanestro, tanti libri e ad un binocolo per osservare la natura\u00a0 e ci\u00f2 che mi circondava in maniera curiosa e attenta. Ma probabilmente niente ha stimolato il mio desiderio di esplorazione pi\u00f9 di quel mare steso davanti ai miei occhi, invitandomi ad andare a vedere cosa c\u2019\u00e8 al di l\u00e0 del mio orizzonte.<\/p>\n<p><b>Parole chiave:\u00a0<\/b><\/p>\n<p><i>osservazione<br \/>\nesplorazione<br \/>\nconoscenza<\/i><\/p>\n<p>&nbsp;<\/p>\n<p><b>Valentina Lasagni<\/b><\/p>\n<p><img loading=\"lazy\" class=\"alignnone size-full wp-image-703\" src=\"https:\/\/apiedinudiasd.it\/public\/wp-content\/uploads\/2021\/05\/valentina_lasagni.png\" alt=\"Valentina Lasagni\" width=\"300\" height=\"300\" srcset=\"https:\/\/apiedinudiasd.it\/public\/wp-content\/uploads\/2021\/05\/valentina_lasagni.png 300w, https:\/\/apiedinudiasd.it\/public\/wp-content\/uploads\/2021\/05\/valentina_lasagni-150x150.png 150w\" sizes=\"(max-width: 300px) 100vw, 300px\" \/><\/p>\n<p>In seconda elementare la maestra mi chiese: \u201c e tu..cosa vuoi fare da grande?\u201d Io risposi: \u201cLeonardo da Vinci\u201d:-)<br \/>\nMi chiamo <b>Valentina<\/b> e mi occupo di arte, illustrazione e grafica.<br \/>\nSono cresciuta tra pennelli e matite intrise delle capacit\u00e0 dei miei genitori e ancora oggi mi emoziono davanti ad un\u2019opera e mi vengono le \u201cfarfalle nello stomaco\u201d se incontro la bellezza. Coltivo lo stupore come se fosse una piccola piantina.<br \/>\nPosso sembrare con batterie a lunga durata, ma in realt\u00e0 l\u2019energia che mi alimenta \u00e8 data dalla mia voglia continua di cercare, scoprire e trasformare, anche quello che l\u2019occhio da subito non vede.<br \/>\nI miei laboratori non vogliono formare provetti artisti, ma piuttosto stimolare la curiosit\u00e0 e la capacit\u00e0 di intravedere e afferrare al volo tutte le cose che ci circondano. Esplorare la natura e saperne utilizzare i frutti con rispetto \u00e8 uno degli aspetti principali del mio approccio.<\/p>\n<p><b>Parole chiave:\u00a0<\/b><\/p>\n<p><i>arte<br \/>\n<\/i><i>curiosit\u00e0<br \/>\n<\/i><i>nulla \u00e8 come sembra<\/i>[\/vc_wp_text][\/vc_column][\/vc_row]<\/p>\n","protected":false},"excerpt":{"rendered":"<p>[vc_row equal_height=&#8221;yes&#8221; el_class=&#8221;topbox,mentabox&#8221;][vc_column el_class=&#8221;bottomalign&#8221; width=&#8221;5\/12&#8243; offset=&#8221;vc_col-md-offset-1&#8243;][vc_wp_text] Tana Libera Tutti! [\/vc_wp_text][\/vc_column][vc_column width=&#8221;5\/12&#8243;][vc_single_image image=&#8221;691&#8243; img_size=&#8221;full&#8221;][\/vc_column][\/vc_row][vc_row content_width=&#8221;full-desktop&#8221; el_class=&#8221;mentabox&#8221;][vc_column width=&#8221;1\/2&#8243; offset=&#8221;vc_col-md-offset-3&#8243;][vc_wp_text]Il multiesperienziale di Via Castiglione &#8211; 360\u00b0 Slow Experience. Esperienze tra natura e citt\u00e0 per esploratori, artisti e funamboli. A grande richiesta \u201cA Piedi Nudi\u201d apre due mesi di esplorazioni ed esperienze con educatori specialisti nel rispetto della \u201cslow [&hellip;]<\/p>\n","protected":false},"author":1,"featured_media":0,"parent":46,"menu_order":0,"comment_status":"closed","ping_status":"closed","template":"","meta":{"_FSMCFIC_featured_image_caption":"","_FSMCFIC_featured_image_nocaption":"","_FSMCFIC_featured_image_hide":""},"yoast_head":"<!-- This site is optimized with the Yoast SEO plugin v15.5 - https:\/\/yoast.com\/wordpress\/plugins\/seo\/ -->\n<title>Tana Libera Tutti! - A Piedi Nudi<\/title>\n<meta name=\"robots\" content=\"index, follow, max-snippet:-1, max-image-preview:large, max-video-preview:-1\" \/>\n<link rel=\"canonical\" href=\"https:\/\/apiedinudiasd.it\/public\/progetti\/tana-libera-tutti\/\" \/>\n<meta property=\"og:locale\" content=\"it_IT\" \/>\n<meta property=\"og:type\" content=\"article\" \/>\n<meta property=\"og:title\" content=\"Tana Libera Tutti! - A Piedi Nudi\" \/>\n<meta property=\"og:description\" content=\"[vc_row equal_height=&#8221;yes&#8221; el_class=&#8221;topbox,mentabox&#8221;][vc_column el_class=&#8221;bottomalign&#8221; width=&#8221;5\/12&#8243; offset=&#8221;vc_col-md-offset-1&#8243;][vc_wp_text] Tana Libera Tutti! [\/vc_wp_text][\/vc_column][vc_column width=&#8221;5\/12&#8243;][vc_single_image image=&#8221;691&#8243; img_size=&#8221;full&#8221;][\/vc_column][\/vc_row][vc_row content_width=&#8221;full-desktop&#8221; el_class=&#8221;mentabox&#8221;][vc_column width=&#8221;1\/2&#8243; offset=&#8221;vc_col-md-offset-3&#8243;][vc_wp_text]Il multiesperienziale di Via Castiglione &#8211; 360\u00b0 Slow Experience. Esperienze tra natura e citt\u00e0 per esploratori, artisti e funamboli. A grande richiesta \u201cA Piedi Nudi\u201d apre due mesi di esplorazioni ed esperienze con educatori specialisti nel rispetto della \u201cslow [&hellip;]\" \/>\n<meta property=\"og:url\" content=\"https:\/\/apiedinudiasd.it\/public\/progetti\/tana-libera-tutti\/\" \/>\n<meta property=\"og:site_name\" content=\"A Piedi Nudi\" \/>\n<meta property=\"article:publisher\" content=\"https:\/\/www.facebook.com\/asdapiedinudi\/\" \/>\n<meta property=\"article:modified_time\" content=\"2021-05-27T20:05:01+00:00\" \/>\n<meta property=\"og:image\" content=\"https:\/\/apiedinudiasd.it\/public\/wp-content\/uploads\/2021\/05\/carlotta.png\" \/>\n<meta name=\"twitter:card\" content=\"summary_large_image\" \/>\n<meta name=\"twitter:label1\" content=\"Tempo di lettura stimato\">\n\t<meta name=\"twitter:data1\" content=\"7 minuti\">\n<script type=\"application\/ld+json\" class=\"yoast-schema-graph\">{\"@context\":\"https:\/\/schema.org\",\"@graph\":[{\"@type\":\"Organization\",\"@id\":\"https:\/\/apiedinudiasd.it\/public\/#organization\",\"name\":\"A Piedi Nudi \\u2013 Associazione Sportiva Dilettantistica e Culturale\",\"url\":\"https:\/\/apiedinudiasd.it\/public\/\",\"sameAs\":[\"https:\/\/www.facebook.com\/asdapiedinudi\/\"],\"logo\":{\"@type\":\"ImageObject\",\"@id\":\"https:\/\/apiedinudiasd.it\/public\/#logo\",\"inLanguage\":\"it-IT\",\"url\":\"https:\/\/apiedinudiasd.it\/public\/wp-content\/uploads\/2019\/10\/apn2.png\",\"width\":453,\"height\":514,\"caption\":\"A Piedi Nudi \\u2013 Associazione Sportiva Dilettantistica e Culturale\"},\"image\":{\"@id\":\"https:\/\/apiedinudiasd.it\/public\/#logo\"}},{\"@type\":\"WebSite\",\"@id\":\"https:\/\/apiedinudiasd.it\/public\/#website\",\"url\":\"https:\/\/apiedinudiasd.it\/public\/\",\"name\":\"A Piedi Nudi - Associazione Sportiva Dilettantistica e Culturale\",\"description\":\"Associazione Sportiva Dilettantistica e Culturale\",\"publisher\":{\"@id\":\"https:\/\/apiedinudiasd.it\/public\/#organization\"},\"potentialAction\":[{\"@type\":\"SearchAction\",\"target\":\"https:\/\/apiedinudiasd.it\/public\/?s={search_term_string}\",\"query-input\":\"required name=search_term_string\"}],\"inLanguage\":\"it-IT\"},{\"@type\":\"ImageObject\",\"@id\":\"https:\/\/apiedinudiasd.it\/public\/progetti\/tana-libera-tutti\/#primaryimage\",\"inLanguage\":\"it-IT\",\"url\":\"https:\/\/apiedinudiasd.it\/public\/wp-content\/uploads\/2021\/05\/carlotta.png\",\"width\":300,\"height\":300,\"caption\":\"Carlotta Viti\"},{\"@type\":\"WebPage\",\"@id\":\"https:\/\/apiedinudiasd.it\/public\/progetti\/tana-libera-tutti\/#webpage\",\"url\":\"https:\/\/apiedinudiasd.it\/public\/progetti\/tana-libera-tutti\/\",\"name\":\"Tana Libera Tutti! - A Piedi Nudi\",\"isPartOf\":{\"@id\":\"https:\/\/apiedinudiasd.it\/public\/#website\"},\"primaryImageOfPage\":{\"@id\":\"https:\/\/apiedinudiasd.it\/public\/progetti\/tana-libera-tutti\/#primaryimage\"},\"datePublished\":\"2021-05-27T20:02:38+00:00\",\"dateModified\":\"2021-05-27T20:05:01+00:00\",\"inLanguage\":\"it-IT\",\"potentialAction\":[{\"@type\":\"ReadAction\",\"target\":[\"https:\/\/apiedinudiasd.it\/public\/progetti\/tana-libera-tutti\/\"]}]}]}<\/script>\n<!-- \/ Yoast SEO plugin. -->","_links":{"self":[{"href":"https:\/\/apiedinudiasd.it\/public\/wp-json\/wp\/v2\/pages\/689"}],"collection":[{"href":"https:\/\/apiedinudiasd.it\/public\/wp-json\/wp\/v2\/pages"}],"about":[{"href":"https:\/\/apiedinudiasd.it\/public\/wp-json\/wp\/v2\/types\/page"}],"author":[{"embeddable":true,"href":"https:\/\/apiedinudiasd.it\/public\/wp-json\/wp\/v2\/users\/1"}],"replies":[{"embeddable":true,"href":"https:\/\/apiedinudiasd.it\/public\/wp-json\/wp\/v2\/comments?post=689"}],"version-history":[{"count":24,"href":"https:\/\/apiedinudiasd.it\/public\/wp-json\/wp\/v2\/pages\/689\/revisions"}],"predecessor-version":[{"id":725,"href":"https:\/\/apiedinudiasd.it\/public\/wp-json\/wp\/v2\/pages\/689\/revisions\/725"}],"up":[{"embeddable":true,"href":"https:\/\/apiedinudiasd.it\/public\/wp-json\/wp\/v2\/pages\/46"}],"wp:attachment":[{"href":"https:\/\/apiedinudiasd.it\/public\/wp-json\/wp\/v2\/media?parent=689"}],"curies":[{"name":"wp","href":"https:\/\/api.w.org\/{rel}","templated":true}]}}