{"id":741,"date":"2021-07-11T20:53:31","date_gmt":"2021-07-11T18:53:31","guid":{"rendered":"https:\/\/apiedinudiasd.it\/public\/?page_id=741"},"modified":"2021-12-15T21:45:53","modified_gmt":"2021-12-15T20:45:53","slug":"corsi","status":"publish","type":"page","link":"https:\/\/apiedinudiasd.it\/public\/corsi\/","title":{"rendered":"corsi"},"content":{"rendered":"<p>[vc_row equal_height=&#8221;yes&#8221; el_class=&#8221;topbox,salviabox&#8221;][vc_column el_class=&#8221;bottomalign&#8221; width=&#8221;5\/12&#8243; offset=&#8221;vc_col-md-offset-1&#8243;][vc_wp_text]<\/p>\n<h1 class=\"h3h1\">corsi<\/h1>\n<p>[\/vc_wp_text][\/vc_column][vc_column width=&#8221;5\/12&#8243;][vc_single_image image=&#8221;754&#8243; img_size=&#8221;full&#8221;][\/vc_column][\/vc_row][vc_row content_width=&#8221;full-desktop&#8221; equal_height=&#8221;yes&#8221;][vc_column el_class=&#8221;imagetextbox,petroliobox&#8221; width=&#8221;1\/3&#8243;][vc_single_image image=&#8221;758&#8243; img_size=&#8221;full&#8221; alignment=&#8221;center&#8221;][vc_wp_text]<\/p>\n<div class=\"page\" title=\"Page 1\">\n<div class=\"section\">\n<div class=\"layoutArea\">\n<div class=\"column\">\n<h3>Attraverso la lente<\/h3>\n<p>&nbsp;<\/p>\n<p>L\u2019affascinante mondo della scienza ti aspetta!<\/p>\n<p>Con questa esperienza piccoli scienziati in erba scopriranno come funziona il microscopio ottico e esploreranno da vicino le meraviglie della natura.<\/p>\n<p>Prepareremo insieme i vetrini da esaminare e annoteremo le nostre osservazioni, proprio come dei veri scienziati.<\/p>\n<p>&nbsp;<\/p>\n<p><a href=\"mailto:apiedinudi.ass@gmail.com\">SCRIVICI PER SAPERNE DI <span style=\"color: #fec000;\">+<\/span><\/a><\/p>\n<\/div>\n<\/div>\n<\/div>\n<\/div>\n<p>[\/vc_wp_text][\/vc_column][vc_column el_class=&#8221;imagetextbox,graybox&#8221; width=&#8221;1\/3&#8243;][vc_single_image image=&#8221;758&#8243; img_size=&#8221;full&#8221; alignment=&#8221;center&#8221;][vc_wp_text]<\/p>\n<div class=\"page\" title=\"Page 1\">\n<div class=\"section\">\n<div class=\"layoutArea\">\n<div class=\"column\">\n<h3>Carnet du voyage<\/h3>\n<p>&nbsp;<\/p>\n<p>Mini laboratorio di introduzione al disegno a penna a sfera. Approcceremo come disegnare, schizzare e realizzare luci e ombre come un vero viaggiatore bohemien. Pronti per quando potremo viaggiare nuovamente.<\/p>\n<p>&nbsp;<\/p>\n<p><a href=\"mailto:apiedinudi.ass@gmail.com\">SCRIVICI PER SAPERNE DI <span style=\"color: #fec000;\">+<\/span><\/a><\/p>\n<\/div>\n<\/div>\n<\/div>\n<\/div>\n<p>[\/vc_wp_text][\/vc_column][vc_column el_class=&#8221;imagetextbox,boredbox&#8221; width=&#8221;1\/3&#8243;][vc_single_image image=&#8221;758&#8243; img_size=&#8221;full&#8221; alignment=&#8221;center&#8221;][vc_wp_text]<\/p>\n<div class=\"page\" title=\"Page 1\">\n<div class=\"section\">\n<div class=\"layoutArea\">\n<div class=\"column\">\n<h3>Tecnologia passo dopo passo<\/h3>\n<p>&nbsp;<\/p>\n<p>La tecnologia ci ha invaso e spesso ci sentiamo oppressi da tutte queste nuove forme di comunicazione. Questo laboratorio dar\u00e0 un aiuto a chi ha poca dimestichezza o anche nessuna esperienza. Proveremo a fare chiarezza e a capire in maniera semplice per tutti come gestire le mail, i filmati e le fotografie e tante altre piccole situazioni che possono metterci in difficolt\u00e0.<\/p>\n<p>&nbsp;<\/p>\n<p><a href=\"mailto:apiedinudi.ass@gmail.com\">SCRIVICI PER SAPERNE DI <span style=\"color: #fec000;\">+<\/span><\/a><\/p>\n<\/div>\n<\/div>\n<\/div>\n<\/div>\n<p>[\/vc_wp_text][\/vc_column][\/vc_row][vc_row content_width=&#8221;full-desktop&#8221; equal_height=&#8221;yes&#8221;][vc_column el_class=&#8221;redbox,imagetextbox&#8221; width=&#8221;1\/3&#8243;][vc_single_image image=&#8221;758&#8243; img_size=&#8221;full&#8221; alignment=&#8221;center&#8221;][vc_wp_text]<\/p>\n<div class=\"page\" title=\"Page 1\">\n<div class=\"section\">\n<div class=\"layoutArea\">\n<div class=\"column\">\n<h3>Un timbro per te<\/h3>\n<p>&nbsp;<\/p>\n<p>Costruiremo assieme un timbro o una matrice su linoleum con cui potremo stampare tessuti, carta e tutto quello che desideriamo. Non \u00e8 per niente difficile e non \u00e8 necessario saper disegnare. Inoltre \u00e8 un\u2019ottima tecnica per chi vuole produrre un libro d\u2019artista.<\/p>\n<p>&nbsp;<\/p>\n<p><a href=\"mailto:apiedinudi.ass@gmail.com\">SCRIVICI PER SAPERNE DI <span style=\"color: #fec000;\">+<\/span><\/a><\/p>\n<\/div>\n<\/div>\n<\/div>\n<\/div>\n<p>[\/vc_wp_text][\/vc_column][vc_column el_class=&#8221;imagetextbox,azzurrobox&#8221; width=&#8221;1\/3&#8243;][vc_single_image image=&#8221;758&#8243; img_size=&#8221;full&#8221; alignment=&#8221;center&#8221;][vc_wp_text]<\/p>\n<div class=\"page\" title=\"Page 1\">\n<div class=\"section\">\n<div class=\"layoutArea\">\n<div class=\"column\">\n<h3>Linoleografia<\/h3>\n<p>&nbsp;<\/p>\n<p>Solcare il linoleum, giocare con pieni e vuoti, scoprire quanto l\u2019inchiostro possa generare nuove sfumature: tutto questo e molto di pi\u00f9 in questo corso.<br \/>\nLa linoleografia \u00e8 una tecnica di stampa diretta mediante l&#8217;uso di una matrice ricavata per incisione da una porzione di linoleum, grazie alla quale potrete stampare su stoffa, carta e molto altro. Un interessante esperienza adatta a tutti che vi rilasser\u00e0 ed entusiasmer\u00e0.<\/p>\n<p>&nbsp;<\/p>\n<p><a href=\"mailto:apiedinudi.ass@gmail.com\">SCRIVICI PER SAPERNE DI <span style=\"color: #fec000;\">+<\/span><\/a><\/p>\n<\/div>\n<\/div>\n<\/div>\n<\/div>\n<p>[\/vc_wp_text][\/vc_column][vc_column el_class=&#8221;yellowbox,imagetextbox&#8221; width=&#8221;1\/3&#8243;][vc_single_image image=&#8221;758&#8243; img_size=&#8221;full&#8221; alignment=&#8221;center&#8221;][vc_wp_text]<\/p>\n<div class=\"page\" title=\"Page 1\">\n<div class=\"section\">\n<div class=\"layoutArea\">\n<div class=\"column\">\n<h3>Tecniche di rilassamento<\/h3>\n<p>&nbsp;<\/p>\n<p>Introduzione all\u2019importanza della gestione dello stress ed esperienza pratica di tecniche di rilassamento, che passando per il corpo influenzano il benessere psico-fisico.<\/p>\n<p>&nbsp;<\/p>\n<p><a href=\"mailto:apiedinudi.ass@gmail.com\">SCRIVICI PER SAPERNE DI <span style=\"color: #8e4896;\">+<\/span><\/a><\/p>\n<\/div>\n<\/div>\n<\/div>\n<\/div>\n<p>[\/vc_wp_text][\/vc_column][\/vc_row][vc_row content_width=&#8221;full-desktop&#8221; equal_height=&#8221;yes&#8221;][vc_column el_class=&#8221;imagetextbox,salviabox&#8221; width=&#8221;1\/3&#8243; offset=&#8221;vc_col-md-offset-0&#8243;][vc_single_image image=&#8221;758&#8243; img_size=&#8221;full&#8221; alignment=&#8221;center&#8221;][vc_wp_text]<\/p>\n<div class=\"page\" title=\"Page 1\">\n<div class=\"section\">\n<div class=\"layoutArea\">\n<div class=\"column\">\n<h3>Yoga family<\/h3>\n<p>&nbsp;<\/p>\n<p>Un&#8217;esperienza yoga in due: bambino e adulto per esplorare lo spazio e conoscere il proprio corpo attraverso il gioco.&#8221;<\/p>\n<p>&nbsp;<\/p>\n<p><a href=\"mailto:apiedinudi.ass@gmail.com\">SCRIVICI PER SAPERNE DI <span style=\"color: #fec000;\">+<\/span><\/a><\/p>\n<\/div>\n<\/div>\n<\/div>\n<\/div>\n<p>[\/vc_wp_text][\/vc_column][vc_column el_class=&#8221;imagetextbox,violet2022box&#8221; width=&#8221;1\/3&#8243;][vc_single_image image=&#8221;758&#8243; img_size=&#8221;full&#8221; alignment=&#8221;center&#8221;][vc_wp_text el_id=&#8221;yogaperrunner&#8221;]<\/p>\n<div class=\"page\" title=\"Page 2\">\n<div class=\"section\">\n<div class=\"layoutArea\">\n<div class=\"column\">\n<h3>LA LUNA NEL POZZO &#8211; Yoga per la donna<\/h3>\n<p>&nbsp;<\/p>\n<div class=\"yiv4680738782\">Per-corso in 4 incontri dedicato alle donne di ogni et\u00e0.<\/div>\n<div class=\"yiv4680738782\">La Luna nel Pozzo \u2013 Yoga per la Donna \u00e8 il contributo di Laura Voltolina per aiutare le donne a sviluppare la conoscenza della propria personale fisiologia e la fiducia nelle proprie intuizioni, che inizia sul tappetino a lezione, per allargarsi, piano piano, nel quotidiano.<\/div>\n<div class=\"yiv4680738782\">4 incontri distribuiti in 4 mesi.<\/div>\n<div class=\"yiv4680738782\"><b class=\"yiv4680738782\">NB: il per-corso \u00e8 adattissimo anche a donne in menopausa!<\/b><\/div>\n<p>&nbsp;<\/p>\n<p><a href=\"mailto:apiedinudi.ass@gmail.com\">SCRIVICI PER SAPERNE DI <span style=\"color: #8e4896;\">+<\/span><\/a><\/p>\n<\/div>\n<\/div>\n<\/div>\n<\/div>\n<p>[\/vc_wp_text][\/vc_column][vc_column el_class=&#8221;limebox,imagetextbox&#8221; width=&#8221;1\/3&#8243;][vc_single_image image=&#8221;758&#8243; img_size=&#8221;full&#8221; alignment=&#8221;center&#8221;][vc_wp_text]<\/p>\n<div class=\"page\" title=\"Page 2\">\n<div class=\"section\">\n<div class=\"layoutArea\">\n<div class=\"column\">\n<h3>Yoga per runner<\/h3>\n<p>&nbsp;<\/p>\n<p>Un corso yoga dedicato alla concentrazione e all\u2019ascolto del corpo per runner: uno strumento utile per migliorare la propria performance oltre la sensazione di fatica percipita.<\/p>\n<p>&nbsp;<\/p>\n<p><a href=\"mailto:apiedinudi.ass@gmail.com\">SCRIVICI PER SAPERNE DI <span style=\"color: #8e4896;\">+<\/span><\/a><\/p>\n<\/div>\n<\/div>\n<\/div>\n<\/div>\n<p>[\/vc_wp_text][\/vc_column][\/vc_row][vc_row content_width=&#8221;full-desktop&#8221; equal_height=&#8221;yes&#8221;][vc_column el_class=&#8221;imagetextbox,ceruleanbox&#8221; width=&#8221;1\/3&#8243; offset=&#8221;vc_col-md-offset-0&#8243;][vc_single_image image=&#8221;758&#8243; img_size=&#8221;full&#8221; alignment=&#8221;center&#8221;][vc_wp_text]<\/p>\n<div class=\"page\" title=\"Page 2\">\n<div class=\"section\">\n<div class=\"layoutArea\">\n<div class=\"column\">\n<h3>B-active<\/h3>\n<p>&nbsp;<\/p>\n<p>BeActive \u00e8 un\u2019attivit\u00e0 che racchiude esercizi mirati al miglioramento delle capacit\u00e0 condizionali di persone che vogliono cominciare o ricominciare un\u2019attivit\u00e0 sportiva o che semplicemente vogliono tenersi in forma.<br \/>\nL\u2019esperienza comprende esercizi di forza, di velocit\u00e0, di controllo motorio, di equilibrio e coordinazione, adattati e personalizzati in base al proprio livello.<\/p>\n<p>&nbsp;<\/p>\n<p><a href=\"mailto:apiedinudi.ass@gmail.com\">SCRIVICI PER SAPERNE DI <span style=\"color: #fec000;\">+<\/span><\/a><\/p>\n<\/div>\n<\/div>\n<\/div>\n<\/div>\n<p>[\/vc_wp_text][\/vc_column][vc_column el_class=&#8221;imagetextbox,serenitybox&#8221; width=&#8221;1\/3&#8243;][vc_single_image image=&#8221;758&#8243; img_size=&#8221;medium&#8221; alignment=&#8221;center&#8221;][vc_wp_text el_id=&#8221;latuacorsa&#8221;]<\/p>\n<div class=\"page\" title=\"Page 1\">\n<div class=\"section\">\n<div class=\"layoutArea\">\n<div class=\"column\">\n<h3>La tua corsa<\/h3>\n<p>&nbsp;<\/p>\n<p>Ciascuno di noi corre in modo diverso a seconda delle proprie caratteristiche e della propria esperienza. Non esiste una corsa perfetta ma sicuramente esistono strategie che applicate allo stile individuale ottimizzano le risorse, riducono le lesioni e migliorano la performance.<\/p>\n<p>Questa esperienza ti permetter\u00e0 di conoscere meglio il tuo stile di corsa attraverso un\u2019analisi approfondita a video e moviola, condotta da professionisti esperti e standardizzata su tapis roulant. Riceverai consigli per implementarla e renderla pi\u00f9 performante.<\/p>\n<p>Questo corso fa parte del <a class=\"ulink\" href=\"https:\/\/apiedinudiasd.it\/public\/progetti#runningproject\">RUNNING PROJECT<\/a><\/p>\n<p><a href=\"mailto:apiedinudi.ass@gmail.com\">SCRIVICI PER SAPERNE DI <span style=\"color: #fec000;\">+<\/span><\/a><\/p>\n<\/div>\n<\/div>\n<\/div>\n<\/div>\n<p>[\/vc_wp_text][\/vc_column][vc_column el_class=&#8221;imagetextbox,orangebox&#8221; width=&#8221;1\/3&#8243;][vc_single_image image=&#8221;758&#8243; img_size=&#8221;full&#8221; alignment=&#8221;center&#8221;][vc_wp_text el_id=&#8221;nonsolocorsa&#8221;]<\/p>\n<div class=\"page\" title=\"Page 2\">\n<div class=\"section\">\n<div class=\"layoutArea\">\n<div class=\"column\">\n<h3>Non solo corsa<\/h3>\n<p>&nbsp;<\/p>\n<p>Molto spesso i runners credono che correre sia sufficiente per praticare la corsa come sport.<br \/>\nE\u2019 importante, invece, inserire all\u2019interno dei propri allenamenti anche esercizi di rinforzo, di tecnica di corsa, di rapidit\u00e0, di propriocezione al fine di migliorare la performance e limitare gli infortuni.<br \/>\nCon questa esperienza imparerai alcuni fondamenti del bagaglio di abilit\u00e0 che un runner deve avere per correre meglio, pi\u00f9 veloce e in modo pi\u00f9 economico, limitando il numero di infortuni.<\/p>\n<p>Questo corso fa parte del <a class=\"ulink\" href=\"https:\/\/apiedinudiasd.it\/public\/progetti\/\">RUNNING PROJECT<\/a><\/p>\n<p>&nbsp;<\/p>\n<p><a href=\"mailto:apiedinudi.ass@gmail.com\">SCRIVICI PER SAPERNE DI <span style=\"color: #fec000;\">+<\/span><\/a><\/p>\n<\/div>\n<\/div>\n<\/div>\n<\/div>\n<p>[\/vc_wp_text][\/vc_column][\/vc_row][vc_row content_width=&#8221;full-desktop&#8221; equal_height=&#8221;yes&#8221;][vc_column el_class=&#8221;imagetextbox,limebox&#8221; width=&#8221;1\/3&#8243; offset=&#8221;vc_col-md-offset-0&#8243;][vc_single_image image=&#8221;758&#8243; img_size=&#8221;full&#8221; alignment=&#8221;center&#8221;][vc_wp_text el_id=&#8221;riscaldamentoperrunner&#8221;]<\/p>\n<div class=\"page\" title=\"Page 2\">\n<div class=\"section\">\n<div class=\"layoutArea\">\n<div class=\"column\">\n<h3>Riscaldamento per runner<\/h3>\n<p>&nbsp;<\/p>\n<p>Un corso per runner incentrato sul riscaldamento pre allenamento e pre gara, caratterizzato da ascolto, allungamento, esercizi a carico graduale per il corpo e di concentrazione per la mente. Condotto da Carlotta Viti.<\/p>\n<p>Questo corso fa parte del <a class=\"ulink\" href=\"https:\/\/apiedinudiasd.it\/public\/progetti\/\">RUNNING PROJECT<\/a><\/p>\n<p>&nbsp;<\/p>\n<p><a href=\"mailto:apiedinudi.ass@gmail.com\">SCRIVICI PER SAPERNE DI <span style=\"color: #fec000;\">+<\/span><\/a><\/p>\n<\/div>\n<\/div>\n<\/div>\n<\/div>\n<p>[\/vc_wp_text][\/vc_column][vc_column el_class=&#8221;imagetextbox,classicbluebox&#8221; width=&#8221;1\/3&#8243;][vc_single_image image=&#8221;758&#8243; img_size=&#8221;medium&#8221; alignment=&#8221;center&#8221; el_id=&#8221;reiscaldamentoperrunner&#8221;][vc_wp_text el_id=&#8221;defaticamentoeriposonelrunning&#8221;]<\/p>\n<div class=\"page\" title=\"Page 1\">\n<div class=\"section\">\n<div class=\"layoutArea\">\n<div class=\"column\">\n<h3>Defaticamento e riposo nel running<\/h3>\n<p>&nbsp;<\/p>\n<p>Un corso mirato a sensibilizzare i runner ad una delle fasi pi\u00f9 importanti dell\u2019allenamento: il recupero. Riposo attivo e defaticamento personalizzato assieme a nutrizione ed idratazione sono le chiavi per un rapido recupero post allenamento e post gara. Verranno fatti piccoli focus anche sulle pause in gara (trail running), sulla regolazione termica e la gestione dello stress e della fatica. Condotto da Carlotta Viti.<\/p>\n<p>Questo corso fa parte del <a class=\"ulink\" href=\"https:\/\/apiedinudiasd.it\/public\/progetti\/\">RUNNING PROJECT<\/a><\/p>\n<p>&nbsp;<\/p>\n<p><a href=\"mailto:apiedinudi.ass@gmail.com\">SCRIVICI PER SAPERNE DI <span style=\"color: #fec000;\">+<\/span><\/a><\/p>\n<\/div>\n<\/div>\n<\/div>\n<\/div>\n<p>[\/vc_wp_text][\/vc_column][vc_column el_class=&#8221;imagetextbox,footercolorbox&#8221; width=&#8221;1\/3&#8243;][\/vc_column][\/vc_row]<\/p>\n","protected":false},"excerpt":{"rendered":"<p>[vc_row equal_height=&#8221;yes&#8221; el_class=&#8221;topbox,salviabox&#8221;][vc_column el_class=&#8221;bottomalign&#8221; width=&#8221;5\/12&#8243; offset=&#8221;vc_col-md-offset-1&#8243;][vc_wp_text] corsi [\/vc_wp_text][\/vc_column][vc_column width=&#8221;5\/12&#8243;][vc_single_image image=&#8221;754&#8243; img_size=&#8221;full&#8221;][\/vc_column][\/vc_row][vc_row content_width=&#8221;full-desktop&#8221; equal_height=&#8221;yes&#8221;][vc_column el_class=&#8221;imagetextbox,petroliobox&#8221; width=&#8221;1\/3&#8243;][vc_single_image image=&#8221;758&#8243; img_size=&#8221;full&#8221; alignment=&#8221;center&#8221;][vc_wp_text] Attraverso la lente &nbsp; L\u2019affascinante mondo della scienza ti aspetta! Con questa esperienza piccoli scienziati in erba scopriranno come funziona il microscopio ottico e esploreranno da vicino le meraviglie della natura. Prepareremo insieme i vetrini da esaminare [&hellip;]<\/p>\n","protected":false},"author":1,"featured_media":0,"parent":0,"menu_order":0,"comment_status":"closed","ping_status":"closed","template":"","meta":{"_FSMCFIC_featured_image_caption":"","_FSMCFIC_featured_image_nocaption":"","_FSMCFIC_featured_image_hide":""},"yoast_head":"<!-- This site is optimized with the Yoast SEO plugin v15.5 - https:\/\/yoast.com\/wordpress\/plugins\/seo\/ -->\n<title>corsi - A Piedi Nudi<\/title>\n<meta name=\"robots\" content=\"index, follow, max-snippet:-1, max-image-preview:large, max-video-preview:-1\" \/>\n<link rel=\"canonical\" href=\"https:\/\/apiedinudiasd.it\/public\/corsi\/\" \/>\n<meta property=\"og:locale\" content=\"it_IT\" \/>\n<meta property=\"og:type\" content=\"article\" \/>\n<meta property=\"og:title\" content=\"corsi - A Piedi Nudi\" \/>\n<meta property=\"og:description\" content=\"[vc_row equal_height=&#8221;yes&#8221; el_class=&#8221;topbox,salviabox&#8221;][vc_column el_class=&#8221;bottomalign&#8221; width=&#8221;5\/12&#8243; offset=&#8221;vc_col-md-offset-1&#8243;][vc_wp_text] corsi [\/vc_wp_text][\/vc_column][vc_column width=&#8221;5\/12&#8243;][vc_single_image image=&#8221;754&#8243; img_size=&#8221;full&#8221;][\/vc_column][\/vc_row][vc_row content_width=&#8221;full-desktop&#8221; equal_height=&#8221;yes&#8221;][vc_column el_class=&#8221;imagetextbox,petroliobox&#8221; width=&#8221;1\/3&#8243;][vc_single_image image=&#8221;758&#8243; img_size=&#8221;full&#8221; alignment=&#8221;center&#8221;][vc_wp_text] Attraverso la lente &nbsp; L\u2019affascinante mondo della scienza ti aspetta! Con questa esperienza piccoli scienziati in erba scopriranno come funziona il microscopio ottico e esploreranno da vicino le meraviglie della natura. Prepareremo insieme i vetrini da esaminare [&hellip;]\" \/>\n<meta property=\"og:url\" content=\"https:\/\/apiedinudiasd.it\/public\/corsi\/\" \/>\n<meta property=\"og:site_name\" content=\"A Piedi Nudi\" \/>\n<meta property=\"article:publisher\" content=\"https:\/\/www.facebook.com\/asdapiedinudi\/\" \/>\n<meta property=\"article:modified_time\" content=\"2021-12-15T20:45:53+00:00\" \/>\n<meta name=\"twitter:card\" content=\"summary_large_image\" \/>\n<meta name=\"twitter:label1\" content=\"Tempo di lettura stimato\">\n\t<meta name=\"twitter:data1\" content=\"5 minuti\">\n<script type=\"application\/ld+json\" class=\"yoast-schema-graph\">{\"@context\":\"https:\/\/schema.org\",\"@graph\":[{\"@type\":\"Organization\",\"@id\":\"https:\/\/apiedinudiasd.it\/public\/#organization\",\"name\":\"A Piedi Nudi \\u2013 Associazione Sportiva Dilettantistica e Culturale\",\"url\":\"https:\/\/apiedinudiasd.it\/public\/\",\"sameAs\":[\"https:\/\/www.facebook.com\/asdapiedinudi\/\"],\"logo\":{\"@type\":\"ImageObject\",\"@id\":\"https:\/\/apiedinudiasd.it\/public\/#logo\",\"inLanguage\":\"it-IT\",\"url\":\"https:\/\/apiedinudiasd.it\/public\/wp-content\/uploads\/2019\/10\/apn2.png\",\"width\":453,\"height\":514,\"caption\":\"A Piedi Nudi \\u2013 Associazione Sportiva Dilettantistica e Culturale\"},\"image\":{\"@id\":\"https:\/\/apiedinudiasd.it\/public\/#logo\"}},{\"@type\":\"WebSite\",\"@id\":\"https:\/\/apiedinudiasd.it\/public\/#website\",\"url\":\"https:\/\/apiedinudiasd.it\/public\/\",\"name\":\"A Piedi Nudi - Associazione Sportiva Dilettantistica e Culturale\",\"description\":\"Associazione Sportiva Dilettantistica e Culturale\",\"publisher\":{\"@id\":\"https:\/\/apiedinudiasd.it\/public\/#organization\"},\"potentialAction\":[{\"@type\":\"SearchAction\",\"target\":\"https:\/\/apiedinudiasd.it\/public\/?s={search_term_string}\",\"query-input\":\"required name=search_term_string\"}],\"inLanguage\":\"it-IT\"},{\"@type\":\"WebPage\",\"@id\":\"https:\/\/apiedinudiasd.it\/public\/corsi\/#webpage\",\"url\":\"https:\/\/apiedinudiasd.it\/public\/corsi\/\",\"name\":\"corsi - A Piedi Nudi\",\"isPartOf\":{\"@id\":\"https:\/\/apiedinudiasd.it\/public\/#website\"},\"datePublished\":\"2021-07-11T18:53:31+00:00\",\"dateModified\":\"2021-12-15T20:45:53+00:00\",\"inLanguage\":\"it-IT\",\"potentialAction\":[{\"@type\":\"ReadAction\",\"target\":[\"https:\/\/apiedinudiasd.it\/public\/corsi\/\"]}]}]}<\/script>\n<!-- \/ Yoast SEO plugin. -->","_links":{"self":[{"href":"https:\/\/apiedinudiasd.it\/public\/wp-json\/wp\/v2\/pages\/741"}],"collection":[{"href":"https:\/\/apiedinudiasd.it\/public\/wp-json\/wp\/v2\/pages"}],"about":[{"href":"https:\/\/apiedinudiasd.it\/public\/wp-json\/wp\/v2\/types\/page"}],"author":[{"embeddable":true,"href":"https:\/\/apiedinudiasd.it\/public\/wp-json\/wp\/v2\/users\/1"}],"replies":[{"embeddable":true,"href":"https:\/\/apiedinudiasd.it\/public\/wp-json\/wp\/v2\/comments?post=741"}],"version-history":[{"count":49,"href":"https:\/\/apiedinudiasd.it\/public\/wp-json\/wp\/v2\/pages\/741\/revisions"}],"predecessor-version":[{"id":1088,"href":"https:\/\/apiedinudiasd.it\/public\/wp-json\/wp\/v2\/pages\/741\/revisions\/1088"}],"wp:attachment":[{"href":"https:\/\/apiedinudiasd.it\/public\/wp-json\/wp\/v2\/media?parent=741"}],"curies":[{"name":"wp","href":"https:\/\/api.w.org\/{rel}","templated":true}]}}